{"id":1019,"date":"2025-10-28T14:13:26","date_gmt":"2025-10-28T13:13:26","guid":{"rendered":"https:\/\/husets-kor.nu\/wpt\/?page_id=1019"},"modified":"2026-02-18T14:59:46","modified_gmt":"2026-02-18T13:59:46","slug":"husets-kor","status":"publish","type":"page","link":"https:\/\/husets-kor.nu\/wpt\/","title":{"rendered":""},"content":{"rendered":"\n<p>En amat\u00f6rteaterk\u00f6r d\u00e4r s\u00e5nggl\u00e4dje och gemenskap st\u00e5r i centrum.<\/p>\n\n\n\n<div class=\"wp-block-media-text is-stacked-on-mobile\" style=\"grid-template-columns:41% auto\"><figure class=\"wp-block-media-text__media\"><img loading=\"lazy\" decoding=\"async\" width=\"724\" height=\"1024\" src=\"http:\/\/media.husets-kor.nu\/2025\/12\/Affisch2025_page-0001-1-724x1024.jpg\" alt=\"\" class=\"wp-image-1181 size-full\" srcset=\"http:\/\/media.husets-kor.nu\/2025\/12\/Affisch2025_page-0001-1-724x1024.jpg 724w, http:\/\/media.husets-kor.nu\/2025\/12\/Affisch2025_page-0001-1-212x300.jpg 212w, http:\/\/media.husets-kor.nu\/2025\/12\/Affisch2025_page-0001-1-768x1086.jpg 768w, http:\/\/media.husets-kor.nu\/2025\/12\/Affisch2025_page-0001-1-1086x1536.jpg 1086w, http:\/\/media.husets-kor.nu\/2025\/12\/Affisch2025_page-0001-1-1448x2048.jpg 1448w, http:\/\/media.husets-kor.nu\/2025\/12\/Affisch2025_page-0001-1.jpg 1754w\" sizes=\"auto, (max-width: 724px) 100vw, 724px\" \/><\/figure><div class=\"wp-block-media-text__content\">\n<p class=\"has-x-large-font-size\"><strong><span style=\"text-decoration: underline;\"><a href=\"https:\/\/www.kulturcentralen.nu\/evenemang\/husets-kor-ger-opp\">Premi\u00e4r 14\/3 <\/a><\/span><\/strong><\/p>\n\n\n\n<p>\u00c4r du nyfiken p\u00e5 hur <strong>Bohemian Rhapsody<\/strong>, <strong>MFF-hymnen<\/strong> och <strong>Trollmors vaggs\u00e5ng<\/strong> kan f\u00e5 plats i samma f\u00f6rest\u00e4llning?<\/p>\n\n\n\n<p>Husets K\u00f6r har genom \u00e5ren skapat m\u00e5nga egna f\u00f6rest\u00e4llningar som r\u00f6rt, ber\u00f6rt och roat en bred publik. Varje produktion \u00e4r unik och formas helt av k\u00f6rens medlemmar \u2013 fr\u00e5n id\u00e9 och tema till regi, scenografi och musik. Ibland skrivs till och med texterna p\u00e5 nytt.<\/p>\n\n\n\n<p>Den h\u00e4r g\u00e5ngen har vi v\u00e4nt blicken in\u00e5t.<br><em>Husets K\u00f6r ger opp<\/em> handlar om sj\u00e4lva processen: diskussionerna, viljorna, kompromisserna och besluten som m\u00e5ste tas n\u00e4r en k\u00f6r ska bli enig. N\u00e4r alla har \u00e5sikter om musik, uttryck \u2013 och till och med vad f\u00f6rest\u00e4llningen ska heta.<\/p>\n\n\n\n<p>Det st\u00f6ts och bl\u00f6ts. Det argumenteras och lobbas.<br>Men till slut m\u00e5ste vi enas.<\/p>\n\n\n\n<p>Fr\u00e5gan \u00e4r bara: hur ska det g\u00e5 den h\u00e4r g\u00e5ngen?<br>Ger Husets K\u00f6r opp?<\/p>\n<\/div><\/div>\n\n\n\n<hr class=\"wp-block-separator has-alpha-channel-opacity is-style-default\"\/>\n","protected":false},"excerpt":{"rendered":"<p>En amat\u00f6rteaterk\u00f6r d\u00e4r s\u00e5nggl\u00e4dje och gemenskap st\u00e5r i centrum. Premi\u00e4r 14\/3 \u00c4r du nyfiken p\u00e5 hur Bohemian Rhapsody, MFF-hymnen och Trollmors vaggs\u00e5ng kan f\u00e5 plats i samma f\u00f6rest\u00e4llning? Husets K\u00f6r har genom \u00e5ren skapat m\u00e5nga egna f\u00f6rest\u00e4llningar som r\u00f6rt, ber\u00f6rt och roat en bred publik. Varje produktion \u00e4r unik och formas helt av k\u00f6rens medlemmar [&hellip;]<\/p>\n","protected":false},"author":1,"featured_media":0,"parent":0,"menu_order":0,"comment_status":"closed","ping_status":"closed","template":"","meta":{"footnotes":""},"class_list":["post-1019","page","type-page","status-publish","hentry"],"_links":{"self":[{"href":"https:\/\/husets-kor.nu\/wpt\/wp-json\/wp\/v2\/pages\/1019","targetHints":{"allow":["GET"]}}],"collection":[{"href":"https:\/\/husets-kor.nu\/wpt\/wp-json\/wp\/v2\/pages"}],"about":[{"href":"https:\/\/husets-kor.nu\/wpt\/wp-json\/wp\/v2\/types\/page"}],"author":[{"embeddable":true,"href":"https:\/\/husets-kor.nu\/wpt\/wp-json\/wp\/v2\/users\/1"}],"replies":[{"embeddable":true,"href":"https:\/\/husets-kor.nu\/wpt\/wp-json\/wp\/v2\/comments?post=1019"}],"version-history":[{"count":20,"href":"https:\/\/husets-kor.nu\/wpt\/wp-json\/wp\/v2\/pages\/1019\/revisions"}],"predecessor-version":[{"id":1206,"href":"https:\/\/husets-kor.nu\/wpt\/wp-json\/wp\/v2\/pages\/1019\/revisions\/1206"}],"wp:attachment":[{"href":"https:\/\/husets-kor.nu\/wpt\/wp-json\/wp\/v2\/media?parent=1019"}],"curies":[{"name":"wp","href":"https:\/\/api.w.org\/{rel}","templated":true}]}}