{"id":116,"date":"2016-05-23T21:00:57","date_gmt":"2016-05-23T20:00:57","guid":{"rendered":"https:\/\/husets-kor.nu\/wpt\/?page_id=116"},"modified":"2025-10-28T15:26:54","modified_gmt":"2025-10-28T14:26:54","slug":"historia","status":"publish","type":"page","link":"https:\/\/husets-kor.nu\/wpt\/historia\/","title":{"rendered":"Historia"},"content":{"rendered":"<blockquote><p>&#8221;Medlemmarna i k\u00f6ren har kommit och g\u00e5tt genom \u00e5ren, men vissa saker har best\u00e5tt. Sprungen ur<br \/>\nproggr\u00f6relsen har det demokratiska arbetss\u00e4ttet alltid varit viktigt. N\u00e4r det \u00e4r dags f\u00f6r ett nytt<br \/>\nprojekt s\u00e4tter man sig allts\u00e5 ner och bollar id\u00e9er.&#8221;<br \/>\n(V\u00e5rt Malm\u00f6 oktober 2004)<\/p><\/blockquote>\n<p data-start=\"405\" data-end=\"580\">Fr\u00e5n b\u00f6rjan stod <strong data-start=\"422\" data-end=\"449\">Mats \u201dSnorre\u201d Norrefalk<\/strong> vid rodret, och repetitionerna h\u00f6lls p\u00e5 Restaurang Syd \u2013 f\u00f6rmodligen den enda k\u00f6ren i stan som tog ton bland tallrikar och glas!<\/p>\n<p data-start=\"582\" data-end=\"888\">Sedan tog <strong data-start=\"592\" data-end=\"608\">Sven Nyqvist<\/strong> \u00f6ver, och vi flyttade in p\u00e5 <strong data-start=\"637\" data-end=\"652\">Latinskolan<\/strong>, d\u00e4r klangen fick lite mer skolad akustik.<br data-start=\"695\" data-end=\"698\" \/>En kort tid d\u00e4refter ledde <strong data-start=\"725\" data-end=\"745\">Bjarne Bertelsen<\/strong> k\u00f6ren, innan han \u00f6verl\u00e4mnade taktpinnen till sina musikh\u00f6gskolev\u00e4nner <strong data-start=\"816\" data-end=\"829\">Per Ekman<\/strong> och <strong data-start=\"834\" data-end=\"848\">Lena Frisk<\/strong> (som sedermera blev <strong data-start=\"869\" data-end=\"884\">Ekman-Frisk<\/strong>).<\/p>\n<p data-start=\"890\" data-end=\"1084\"><strong data-start=\"890\" data-end=\"897\">Per<\/strong> valde efter ett tag att f\u00f6lja de instrumentala tonerna, medan <strong data-start=\"960\" data-end=\"968\">Lena<\/strong> stannade kvar och blev v\u00e5r konstn\u00e4rliga ledare i hela <em data-start=\"1023\" data-end=\"1035\">fjorton \u00e5r<\/em> \u2013 en era fylld av musik, scenkonst och skratt.<\/p>\n<p data-start=\"1086\" data-end=\"1225\">Efter henne tog <strong data-start=\"1102\" data-end=\"1116\">Ina Nissen<\/strong> \u00f6ver dirigentpulten (1997\u20132003), f\u00f6ljd av <strong data-start=\"1159\" data-end=\"1179\">Eva Kunda Neidek<\/strong>, som avslutade sin tid hos oss h\u00f6sten 2010.<\/p>\n<p data-start=\"1227\" data-end=\"1434\">D\u00e4refter kom <strong data-start=\"1240\" data-end=\"1263\">Tea-Louice Beurling<\/strong> (2011\u20132014), <strong data-start=\"1277\" data-end=\"1295\">Tove Mattisson<\/strong> (2015\u20132016) och <strong data-start=\"1312\" data-end=\"1329\">Sanna V\u00e4ssmar<\/strong> (2017\u20132021) \u2013 var och en med sin unika ton, sin energi och sina tolkningar av vad Husets K\u00f6r kan vara.<\/p>\n<p data-start=\"1436\" data-end=\"1647\">Och v\u00e5ren <strong data-start=\"1446\" data-end=\"1454\">2022<\/strong> tog <strong data-start=\"1459\" data-end=\"1474\">Sara Ekdahl<\/strong> \u00f6ver som v\u00e5r musikaliska ledare \u2013 en ny r\u00f6st, en ny riktning, och en forts\u00e4ttning p\u00e5 den f\u00e4rgstarka resa som startade redan p\u00e5 Restaurang Syd.<\/p>\n<p data-start=\"1436\" data-end=\"1647\"><br data-start=\"1617\" data-end=\"1620\" \/>\ud83d\udc49 <em data-start=\"1623\" data-end=\"1645\">L\u00e4s mer om Sara <a href=\"https:\/\/husets-kor.nu\/wpt\/om-koren__trashed\/var-konstnarliga-ledare\/\">h\u00e4r<\/a>.<\/em><\/p>\n<p>K\u00f6ren arbetar oftast i projektform. Inf\u00f6r varje nytt projekt tar vi fram olika f\u00f6rslag som vi diskuterar. D\u00e4refter sker omr\u00f6stning i demokratisk ordning. N\u00e4r projektinriktningen \u00e4r fastst\u00e4lld, v\u00e4ljer vi ocks\u00e5 ansvariga f\u00f6r t ex PR, regi, scenografi och musik &#8211; alla beroende p\u00e5 projektets storlek.<\/p>\n<p>Se vad vi har jobbat med <a href=\"https:\/\/husets-kor.nu\/wpt\/tidigare_\/\">tidigare<\/a>:<\/p>\n","protected":false},"excerpt":{"rendered":"<p>&#8221;Medlemmarna i k\u00f6ren har kommit och g\u00e5tt genom \u00e5ren, men vissa saker har best\u00e5tt. Sprungen ur proggr\u00f6relsen har det demokratiska arbetss\u00e4ttet alltid varit viktigt. N\u00e4r det \u00e4r dags f\u00f6r ett nytt projekt s\u00e4tter man sig allts\u00e5 ner och bollar id\u00e9er.&#8221; (V\u00e5rt Malm\u00f6 oktober 2004) Fr\u00e5n b\u00f6rjan stod Mats \u201dSnorre\u201d Norrefalk vid rodret, och repetitionerna h\u00f6lls [&hellip;]<\/p>\n","protected":false},"author":1,"featured_media":0,"parent":0,"menu_order":0,"comment_status":"closed","ping_status":"closed","template":"","meta":{"footnotes":""},"class_list":["post-116","page","type-page","status-publish","hentry"],"_links":{"self":[{"href":"https:\/\/husets-kor.nu\/wpt\/wp-json\/wp\/v2\/pages\/116","targetHints":{"allow":["GET"]}}],"collection":[{"href":"https:\/\/husets-kor.nu\/wpt\/wp-json\/wp\/v2\/pages"}],"about":[{"href":"https:\/\/husets-kor.nu\/wpt\/wp-json\/wp\/v2\/types\/page"}],"author":[{"embeddable":true,"href":"https:\/\/husets-kor.nu\/wpt\/wp-json\/wp\/v2\/users\/1"}],"replies":[{"embeddable":true,"href":"https:\/\/husets-kor.nu\/wpt\/wp-json\/wp\/v2\/comments?post=116"}],"version-history":[{"count":12,"href":"https:\/\/husets-kor.nu\/wpt\/wp-json\/wp\/v2\/pages\/116\/revisions"}],"predecessor-version":[{"id":1098,"href":"https:\/\/husets-kor.nu\/wpt\/wp-json\/wp\/v2\/pages\/116\/revisions\/1098"}],"wp:attachment":[{"href":"https:\/\/husets-kor.nu\/wpt\/wp-json\/wp\/v2\/media?parent=116"}],"curies":[{"name":"wp","href":"https:\/\/api.w.org\/{rel}","templated":true}]}}