{"id":125,"date":"2016-05-23T21:04:49","date_gmt":"2016-05-23T20:04:49","guid":{"rendered":"https:\/\/husets-kor.nu\/wpt\/?page_id=125"},"modified":"2016-05-23T21:13:57","modified_gmt":"2016-05-23T20:13:57","slug":"ur-pressen","status":"publish","type":"page","link":"https:\/\/husets-kor.nu\/wpt\/ur-pressen\/","title":{"rendered":"Ur pressen"},"content":{"rendered":"<blockquote><p><em>&#8221;Det l\u00e5ter m\u00e4ktigt n\u00e4r en 40-mannak\u00f6r tar i fr\u00e5n t\u00e5rna i Magnus &amp; Brasses klassiska svordomsvisa&#8221;<\/em><\/p><\/blockquote>\n<p><strong>Sydsvenskan november 2004<\/strong><\/p>\n<hr \/>\n<blockquote><p><em>&#8221;Medlemmarna i k\u00f6ren har kommit och g\u00e5tt genom \u00e5ren, men vissa saker har best\u00e5tt. Sprungen ur proggr\u00f6relsen har det demokratiska arbetss\u00e4ttet alltid varit viktigt. N\u00e4r det \u00e4r dags f\u00f6r ett nytt projekt s\u00e4tter man sig allts\u00e5 ner och bollar id\u00e9er.&#8221;<\/em><\/p><\/blockquote>\n<p><strong>V\u00e5rt Malm\u00f6 oktober 2004<\/strong><\/p>\n<hr \/>\n<blockquote><p><em>&#8221;Styrkan ligger faktiskt i l\u00e5tvalen, som i sin sammanl\u00e4nkande form skapar ett helt p\u00e5st\u00e5endepotpurri av andliga och m\u00e4nskliga f\u00f6rslag till svar, som f\u00f6rst\u00e4rkt av en ink\u00e4nnande regi och koreografi bildar en helhet som \u00e4r mycket tillfredst\u00e4llande&#8221;<\/em><\/p><\/blockquote>\n<p><strong>Caf\u00e9 Creme h\u00f6sten 2004<\/strong><\/p>\n<hr \/>\n<blockquote><p><em>&#8221;Husets k\u00f6r fr\u00e5n Malm\u00f6 br\u00f6t in snyggt i slutet av f\u00f6rsta halvan och backad Linderholm i bland annat &#8221;N\u00e4r morgonen gryr&#8221;.<\/em><\/p><\/blockquote>\n<p><strong>Sydsvenskan, ur recension av G\u00f6sta Linderholm, Trad Brothers och Husets k\u00f6r p\u00e5 Malm\u00f6 konserthus<\/strong><\/p>\n<hr \/>\n<blockquote><p><em>&#8221;Detta \u00e4r ingen &#8221;p\u00e4rmk\u00f6r&#8221;. Medlemmarna \u00e4r oh\u00e4mmade personer utan sp\u00e4rrar, beredda att prova allt. Det \u00e4r inte s\u00e5 vanligt hos korister&#8221;<\/em><\/p><\/blockquote>\n<p><strong>F\u00f6rra dirigenten Ina Nissen intervjuad i Sydsvenskan inf\u00f6r prem\u00e4ren av &#8221;Propeller &#8211; med hj\u00e4rtat i luftgropen&#8221; i mars 2001<\/strong><\/p>\n<hr \/>\n<blockquote><p><em>&#8221;Mycket \u00e4r engagerande i den fullmatade k\u00f6rshowen och ett par nummer n\u00e5dde ryggrys-niv\u00e5n (i positiv bem\u00e4rkelse): tahitiska s\u00e5ngen &#8221;Peze caf\u00e9&#8221; och alldeles s\u00e4rskilt den genomvackra &#8221;Sto mi e milo&#8221; fr\u00e5n Makedonien &#8211; en triumf f\u00f6r damst\u00e4mmorna&#8221;<\/em><\/p><\/blockquote>\n<p><strong>Sydsvenskan november 1999, ur recension av f\u00f6rest\u00e4llningen &#8221;Urs\u00e4kta, var \u00e4r brof\u00e4stet?&#8221;<\/strong><\/p>\n<hr \/>\n<blockquote><p><em>&#8221;Musiken, skapad av Malm\u00f6-komposit\u00f6ren Jan-Erik S\u00e4\u00e4f, blandar inspirerat skilda k\u00e4llor som jojk och indisk sitar, spr\u00f6da ordlekar och maffiga samklanger. Till sin hj\u00e4lp har han Husets k\u00f6r som imponerar b\u00e5de med r\u00f6ster och dramatisk inlevelse.&#8221;<\/em><\/p><\/blockquote>\n<p><strong>Kv\u00e4llsposten februari 1998, ur recension av &#8221;Den lilla m\u00e4nniskan&#8221; med Moomsteatern och Husets k\u00f6r<\/strong><\/p>\n<hr \/>\n<blockquote><p><em>&#8221;F\u00f6r en effektiv, f\u00e4rgsprakande och ofta mycket &#8221;h\u00e4ftig&#8221; inramning st\u00e5r Husets k\u00f6r, som &#8211; f\u00f6rutom att den l\u00e5ter bra &#8211; befinner sig p\u00e5 scenen under hela f\u00f6rest\u00e4llningen, utg\u00f6r en perfekt kuliss och deltar i skeendet i h\u00f6gsta grad&#8221;<\/em><\/p><\/blockquote>\n<p><strong>Arbetet Nyheterna februari 1998, ur recension av &#8221;Den lilla m\u00e4nniskan&#8221; med Moomsteatern och Husets k\u00f6r<\/strong><\/p>\n<hr \/>\n<blockquote><p><em>&#8221;Vi har l\u00e4nge velat samarbeta med en k\u00f6r som kan blanda sk\u00f6ns\u00e5ng och gestaltning. N\u00e4r Husets k\u00f6r sj\u00f6ng i f\u00f6rest\u00e4llningen Cyklop verkade de ha kul p\u00e5 scenen. Galenskapen lyste i \u00f6gonen s\u00e5 d\u00e5 visste vi att de var r\u00e4tt f\u00f6r oss&#8221;<\/em><\/p><\/blockquote>\n<p><strong>Moomsteaterns regiss\u00f6r Kjell Stjernholm om samarbetet med Husets k\u00f6r i &#8221;Den lilla m\u00e4nniskan&#8221; &#8211; Sydsvenskan september 1997<\/strong><\/p>\n","protected":false},"excerpt":{"rendered":"<p>&#8221;Det l\u00e5ter m\u00e4ktigt n\u00e4r en 40-mannak\u00f6r tar i fr\u00e5n t\u00e5rna i Magnus &amp; Brasses klassiska svordomsvisa&#8221; Sydsvenskan november 2004 &#8221;Medlemmarna i k\u00f6ren har kommit och g\u00e5tt genom \u00e5ren, men vissa saker har best\u00e5tt. Sprungen ur proggr\u00f6relsen har det demokratiska arbetss\u00e4ttet alltid varit viktigt. N\u00e4r det \u00e4r dags f\u00f6r ett nytt projekt s\u00e4tter man sig allts\u00e5 [&hellip;]<\/p>\n","protected":false},"author":1,"featured_media":0,"parent":0,"menu_order":0,"comment_status":"closed","ping_status":"closed","template":"","meta":{"footnotes":""},"class_list":["post-125","page","type-page","status-publish","hentry"],"_links":{"self":[{"href":"https:\/\/husets-kor.nu\/wpt\/wp-json\/wp\/v2\/pages\/125","targetHints":{"allow":["GET"]}}],"collection":[{"href":"https:\/\/husets-kor.nu\/wpt\/wp-json\/wp\/v2\/pages"}],"about":[{"href":"https:\/\/husets-kor.nu\/wpt\/wp-json\/wp\/v2\/types\/page"}],"author":[{"embeddable":true,"href":"https:\/\/husets-kor.nu\/wpt\/wp-json\/wp\/v2\/users\/1"}],"replies":[{"embeddable":true,"href":"https:\/\/husets-kor.nu\/wpt\/wp-json\/wp\/v2\/comments?post=125"}],"version-history":[{"count":10,"href":"https:\/\/husets-kor.nu\/wpt\/wp-json\/wp\/v2\/pages\/125\/revisions"}],"predecessor-version":[{"id":136,"href":"https:\/\/husets-kor.nu\/wpt\/wp-json\/wp\/v2\/pages\/125\/revisions\/136"}],"wp:attachment":[{"href":"https:\/\/husets-kor.nu\/wpt\/wp-json\/wp\/v2\/media?parent=125"}],"curies":[{"name":"wp","href":"https:\/\/api.w.org\/{rel}","templated":true}]}}